{"id":11,"date":"2015-04-30T15:03:39","date_gmt":"2015-04-30T14:03:39","guid":{"rendered":"https:\/\/www.chateaudeseguin.com\/?page_id=11"},"modified":"2026-01-16T10:59:52","modified_gmt":"2026-01-16T09:59:52","slug":"accueil","status":"publish","type":"page","link":"https:\/\/www.chateaudeseguin.com\/en\/","title":{"rendered":"Home"},"content":{"rendered":"<p><\/p>\n<p style=\"text-align: justify;\">Ch\u00e2teau de Seguin\u00a0in its current form, with its two pointed towers and very large, was\u00a0built in 1780.<\/p>\n<p style=\"text-align: justify;\">The History of Chateau de Seguin is actually much older, since we go back a thousand years earlier, in 780 exactly, to find traces of the Count of Seguin, Administrator of the Emperor Charlemagne.<\/p>\n<p style=\"text-align: justify;\">A very old noble past is tied to this land, and the impressive number of buildings shows that\u00a0the property was dedicated to agriculture, livestock and wine.<\/p>\n<p>&nbsp;<\/p>\n<p><strong data-start=\"205\" data-end=\"261\">PUBLIC HEALTH CODE, Articles L. 3342-1 and L. 3353-3<br \/>\n<\/strong>Alcohol abuse is harmful to health. Please consume in moderation.<\/p>\n<p><\/p>","protected":false},"excerpt":{"rendered":"<p>Ch\u00e2teau de Seguin\u00a0in its current form, with its two pointed towers and very large, was\u00a0built in 1780. The History of Chateau de Seguin is actually much older, since we go back a thousand years earlier, in 780 exactly, to find [&hellip;]<\/p>\n","protected":false},"author":1,"featured_media":0,"parent":0,"menu_order":0,"comment_status":"open","ping_status":"open","template":"","meta":{"_acf_changed":false,"footnotes":""},"class_list":["post-11","page","type-page","status-publish","hentry"],"acf":[],"yoast_head":"<!-- This site is optimized with the Yoast SEO plugin v27.5 - https:\/\/yoast.com\/product\/yoast-seo-wordpress\/ -->\n<title>Ch\u00e2teau de Seguin - Une marque des Vignobles Mottet<\/title>\n<meta name=\"description\" content=\"Lieu de r\u00e9ception \u00e0 15 km de Bordeaux Salle de caract\u00e8re dans un domaine viticole Mariages d&#039;exception, s\u00e9minaires et tous \u00e9v\u00e9nements\" \/>\n<meta name=\"robots\" content=\"index, follow, max-snippet:-1, max-image-preview:large, max-video-preview:-1\" \/>\n<link rel=\"canonical\" href=\"https:\/\/www.chateaudeseguin.com\/en\/\" \/>\n<meta property=\"og:locale\" content=\"en_US\" \/>\n<meta property=\"og:type\" content=\"article\" \/>\n<meta property=\"og:title\" content=\"Ch\u00e2teau de Seguin - Une marque des Vignobles Mottet\" \/>\n<meta property=\"og:description\" content=\"Lieu de r\u00e9ception \u00e0 15 km de Bordeaux Salle de caract\u00e8re dans un domaine viticole Mariages d&#039;exception, s\u00e9minaires et tous \u00e9v\u00e9nements\" \/>\n<meta property=\"og:url\" content=\"https:\/\/www.chateaudeseguin.com\/en\/\" \/>\n<meta property=\"og:site_name\" content=\"Ch\u00e2teau de Seguin\" \/>\n<meta property=\"article:modified_time\" content=\"2026-01-16T09:59:52+00:00\" \/>\n<meta name=\"twitter:card\" content=\"summary_large_image\" \/>\n<meta name=\"twitter:label1\" content=\"Est. reading time\" \/>\n\t<meta name=\"twitter:data1\" content=\"1 minute\" \/>\n<script type=\"application\/ld+json\" class=\"yoast-schema-graph\">{\"@context\":\"https:\\\/\\\/schema.org\",\"@graph\":[{\"@type\":\"WebPage\",\"@id\":\"https:\\\/\\\/www.chateaudeseguin.com\\\/en\\\/\",\"url\":\"https:\\\/\\\/www.chateaudeseguin.com\\\/en\\\/\",\"name\":\"Ch\u00e2teau de Seguin - Une marque des Vignobles Mottet\",\"isPartOf\":{\"@id\":\"https:\\\/\\\/www.chateaudeseguin.com\\\/en\\\/#website\"},\"datePublished\":\"2015-04-30T14:03:39+00:00\",\"dateModified\":\"2026-01-16T09:59:52+00:00\",\"description\":\"Lieu de r\u00e9ception \u00e0 15 km de Bordeaux Salle de caract\u00e8re dans un domaine viticole Mariages d'exception, s\u00e9minaires et tous \u00e9v\u00e9nements\",\"breadcrumb\":{\"@id\":\"https:\\\/\\\/www.chateaudeseguin.com\\\/en\\\/#breadcrumb\"},\"inLanguage\":\"en-US\",\"potentialAction\":[{\"@type\":\"ReadAction\",\"target\":[[\"https:\\\/\\\/www.chateaudeseguin.com\\\/en\\\/\"]]}]},{\"@type\":\"BreadcrumbList\",\"@id\":\"https:\\\/\\\/www.chateaudeseguin.com\\\/en\\\/#breadcrumb\",\"itemListElement\":[{\"@type\":\"ListItem\",\"position\":1,\"name\":\"Accueil\",\"item\":\"https:\\\/\\\/www.chateaudeseguin.com\\\/en\\\/\"},{\"@type\":\"ListItem\",\"position\":2,\"name\":\"Accueil\"}]},{\"@type\":\"WebSite\",\"@id\":\"https:\\\/\\\/www.chateaudeseguin.com\\\/en\\\/#website\",\"url\":\"https:\\\/\\\/www.chateaudeseguin.com\\\/en\\\/\",\"name\":\"Ch\u00e2teau de Seguin\",\"description\":\"Une marque des Vignobles Mottet\",\"publisher\":{\"@id\":\"https:\\\/\\\/www.chateaudeseguin.com\\\/en\\\/#organization\"},\"potentialAction\":[{\"@type\":\"SearchAction\",\"target\":{\"@type\":\"EntryPoint\",\"urlTemplate\":\"https:\\\/\\\/www.chateaudeseguin.com\\\/en\\\/?s={search_term_string}\"},\"query-input\":{\"@type\":\"PropertyValueSpecification\",\"valueRequired\":true,\"valueName\":\"search_term_string\"}}],\"inLanguage\":\"en-US\"},{\"@type\":\"Organization\",\"@id\":\"https:\\\/\\\/www.chateaudeseguin.com\\\/en\\\/#organization\",\"name\":\"Ch\u00e2teau de Seguin\",\"url\":\"https:\\\/\\\/www.chateaudeseguin.com\\\/en\\\/\",\"logo\":{\"@type\":\"ImageObject\",\"inLanguage\":\"en-US\",\"@id\":\"https:\\\/\\\/www.chateaudeseguin.com\\\/en\\\/#\\\/schema\\\/logo\\\/image\\\/\",\"url\":\"https:\\\/\\\/www.chateaudeseguin.com\\\/wp-content\\\/uploads\\\/2020\\\/03\\\/logo-chateau-de-seguin.png\",\"contentUrl\":\"https:\\\/\\\/www.chateaudeseguin.com\\\/wp-content\\\/uploads\\\/2020\\\/03\\\/logo-chateau-de-seguin.png\",\"width\":443,\"height\":351,\"caption\":\"Ch\u00e2teau de Seguin\"},\"image\":{\"@id\":\"https:\\\/\\\/www.chateaudeseguin.com\\\/en\\\/#\\\/schema\\\/logo\\\/image\\\/\"}}]}<\/script>\n<!-- \/ Yoast SEO plugin. -->","yoast_head_json":{"title":"Ch\u00e2teau de Seguin - Une marque des Vignobles Mottet","description":"Lieu de r\u00e9ception \u00e0 15 km de Bordeaux Salle de caract\u00e8re dans un domaine viticole Mariages d'exception, s\u00e9minaires et tous \u00e9v\u00e9nements","robots":{"index":"index","follow":"follow","max-snippet":"max-snippet:-1","max-image-preview":"max-image-preview:large","max-video-preview":"max-video-preview:-1"},"canonical":"https:\/\/www.chateaudeseguin.com\/en\/","og_locale":"en_US","og_type":"article","og_title":"Ch\u00e2teau de Seguin - Une marque des Vignobles Mottet","og_description":"Lieu de r\u00e9ception \u00e0 15 km de Bordeaux Salle de caract\u00e8re dans un domaine viticole Mariages d'exception, s\u00e9minaires et tous \u00e9v\u00e9nements","og_url":"https:\/\/www.chateaudeseguin.com\/en\/","og_site_name":"Ch\u00e2teau de Seguin","article_modified_time":"2026-01-16T09:59:52+00:00","twitter_card":"summary_large_image","twitter_misc":{"Est. reading time":"1 minute"},"schema":{"@context":"https:\/\/schema.org","@graph":[{"@type":"WebPage","@id":"https:\/\/www.chateaudeseguin.com\/en\/","url":"https:\/\/www.chateaudeseguin.com\/en\/","name":"Ch\u00e2teau de Seguin - Une marque des Vignobles Mottet","isPartOf":{"@id":"https:\/\/www.chateaudeseguin.com\/en\/#website"},"datePublished":"2015-04-30T14:03:39+00:00","dateModified":"2026-01-16T09:59:52+00:00","description":"Lieu de r\u00e9ception \u00e0 15 km de Bordeaux Salle de caract\u00e8re dans un domaine viticole Mariages d'exception, s\u00e9minaires et tous \u00e9v\u00e9nements","breadcrumb":{"@id":"https:\/\/www.chateaudeseguin.com\/en\/#breadcrumb"},"inLanguage":"en-US","potentialAction":[{"@type":"ReadAction","target":[["https:\/\/www.chateaudeseguin.com\/en\/"]]}]},{"@type":"BreadcrumbList","@id":"https:\/\/www.chateaudeseguin.com\/en\/#breadcrumb","itemListElement":[{"@type":"ListItem","position":1,"name":"Accueil","item":"https:\/\/www.chateaudeseguin.com\/en\/"},{"@type":"ListItem","position":2,"name":"Accueil"}]},{"@type":"WebSite","@id":"https:\/\/www.chateaudeseguin.com\/en\/#website","url":"https:\/\/www.chateaudeseguin.com\/en\/","name":"Ch\u00e2teau de Seguin","description":"Une marque des Vignobles Mottet","publisher":{"@id":"https:\/\/www.chateaudeseguin.com\/en\/#organization"},"potentialAction":[{"@type":"SearchAction","target":{"@type":"EntryPoint","urlTemplate":"https:\/\/www.chateaudeseguin.com\/en\/?s={search_term_string}"},"query-input":{"@type":"PropertyValueSpecification","valueRequired":true,"valueName":"search_term_string"}}],"inLanguage":"en-US"},{"@type":"Organization","@id":"https:\/\/www.chateaudeseguin.com\/en\/#organization","name":"Ch\u00e2teau de Seguin","url":"https:\/\/www.chateaudeseguin.com\/en\/","logo":{"@type":"ImageObject","inLanguage":"en-US","@id":"https:\/\/www.chateaudeseguin.com\/en\/#\/schema\/logo\/image\/","url":"https:\/\/www.chateaudeseguin.com\/wp-content\/uploads\/2020\/03\/logo-chateau-de-seguin.png","contentUrl":"https:\/\/www.chateaudeseguin.com\/wp-content\/uploads\/2020\/03\/logo-chateau-de-seguin.png","width":443,"height":351,"caption":"Ch\u00e2teau de Seguin"},"image":{"@id":"https:\/\/www.chateaudeseguin.com\/en\/#\/schema\/logo\/image\/"}}]}},"_links":{"self":[{"href":"https:\/\/www.chateaudeseguin.com\/en\/wp-json\/wp\/v2\/pages\/11","targetHints":{"allow":["GET"]}}],"collection":[{"href":"https:\/\/www.chateaudeseguin.com\/en\/wp-json\/wp\/v2\/pages"}],"about":[{"href":"https:\/\/www.chateaudeseguin.com\/en\/wp-json\/wp\/v2\/types\/page"}],"author":[{"embeddable":true,"href":"https:\/\/www.chateaudeseguin.com\/en\/wp-json\/wp\/v2\/users\/1"}],"replies":[{"embeddable":true,"href":"https:\/\/www.chateaudeseguin.com\/en\/wp-json\/wp\/v2\/comments?post=11"}],"version-history":[{"count":33,"href":"https:\/\/www.chateaudeseguin.com\/en\/wp-json\/wp\/v2\/pages\/11\/revisions"}],"predecessor-version":[{"id":13987,"href":"https:\/\/www.chateaudeseguin.com\/en\/wp-json\/wp\/v2\/pages\/11\/revisions\/13987"}],"wp:attachment":[{"href":"https:\/\/www.chateaudeseguin.com\/en\/wp-json\/wp\/v2\/media?parent=11"}],"curies":[{"name":"wp","href":"https:\/\/api.w.org\/{rel}","templated":true}]}}